{"id":1810,"date":"2024-10-11T08:55:10","date_gmt":"2024-10-11T06:55:10","guid":{"rendered":"https:\/\/tensegrityfisioterapia.es\/?page_id=1810"},"modified":"2024-10-11T09:11:25","modified_gmt":"2024-10-11T07:11:25","slug":"ines-rodriguez","status":"publish","type":"page","link":"https:\/\/tensegrityfisioterapia.es\/en\/ines-rodriguez\/","title":{"rendered":"In\u00e9s Rodr\u00edguez"},"content":{"rendered":"<div data-elementor-type=\"wp-page\" data-elementor-id=\"1810\" class=\"elementor elementor-1810\" data-elementor-post-type=\"page\">\n\t\t\t\t<div class=\"elementor-element elementor-element-7b7c07c e-flex e-con-boxed e-con e-parent\" data-id=\"7b7c07c\" data-element_type=\"container\" data-e-type=\"container\" data-settings=\"{&quot;background_background&quot;:&quot;classic&quot;}\">\n\t\t\t\t\t<div class=\"e-con-inner\">\n\t\t<div class=\"elementor-element elementor-element-b932bc1 e-con-full e-flex e-con e-child\" data-id=\"b932bc1\" data-element_type=\"container\" data-e-type=\"container\">\n\t\t\t\t<div class=\"elementor-element elementor-element-c8b0881 elementor-widget elementor-widget-heading\" data-id=\"c8b0881\" data-element_type=\"widget\" data-e-type=\"widget\" data-widget_type=\"heading.default\">\n\t\t\t\t<div class=\"elementor-widget-container\">\n\t\t\t\t\t<h1 class=\"elementor-heading-title elementor-size-default\">Our Team<\/h1>\t\t\t\t<\/div>\n\t\t\t\t<\/div>\n\t\t\t\t<\/div>\n\t\t\t\t\t<\/div>\n\t\t\t\t<\/div>\n\t\t<div class=\"elementor-element elementor-element-9bb5043 e-flex e-con-boxed e-con e-parent\" data-id=\"9bb5043\" data-element_type=\"container\" data-e-type=\"container\" data-settings=\"{&quot;background_background&quot;:&quot;gradient&quot;}\">\n\t\t\t\t\t<div class=\"e-con-inner\">\n\t\t<div class=\"elementor-element elementor-element-e4f3d06 e-con-full e-flex elementor-invisible e-con e-child\" data-id=\"e4f3d06\" data-element_type=\"container\" data-e-type=\"container\" data-settings=\"{&quot;background_background&quot;:&quot;classic&quot;,&quot;animation&quot;:&quot;fadeInDown&quot;}\">\n\t\t\t\t<div class=\"elementor-element elementor-element-21acd0b elementor-widget elementor-widget-heading\" data-id=\"21acd0b\" data-element_type=\"widget\" data-e-type=\"widget\" data-widget_type=\"heading.default\">\n\t\t\t\t<div class=\"elementor-widget-container\">\n\t\t\t\t\t<h3 class=\"elementor-heading-title elementor-size-default\">PHYSIOTHERAPY - OSTEOPATHY - PILATES<\/h3>\t\t\t\t<\/div>\n\t\t\t\t<\/div>\n\t\t\t\t<div class=\"elementor-element elementor-element-30c257e elementor-widget elementor-widget-heading\" data-id=\"30c257e\" data-element_type=\"widget\" data-e-type=\"widget\" data-widget_type=\"heading.default\">\n\t\t\t\t<div class=\"elementor-widget-container\">\n\t\t\t\t\t<h2 class=\"elementor-heading-title elementor-size-default\">In\u00e9s Rodr\u00edguez-Vi\u00f1as<\/h2>\t\t\t\t<\/div>\n\t\t\t\t<\/div>\n\t\t<div class=\"elementor-element elementor-element-5c53f09 e-con-full e-flex e-con e-child\" data-id=\"5c53f09\" data-element_type=\"container\" data-e-type=\"container\">\n\t\t\t\t<div class=\"elementor-element elementor-element-53f62e7 elementor-widget elementor-widget-text-editor\" data-id=\"53f62e7\" data-element_type=\"widget\" data-e-type=\"widget\" data-widget_type=\"text-editor.default\">\n\t\t\t\t<div class=\"elementor-widget-container\">\n\t\t\t\t\t\t\t\t\t<p>I graduated in Physiotherapy from the Francisco de Vitoria University in 2008. That same year I studied the course of Expert in Manual Therapy at the same university. With the intention of giving my profession a broader focus, I moved to the Netherlands to do an extensive internship in a clinic specialising in the treatment of sports injuries and general traumatology as well as a multidisciplinary course for health professionals at the Hogeschool van Amsterdam.<\/p><p>\u00a0<\/p><p>After this international experience, in 2009 I began my osteopathy studies at the University of Alcal\u00e1 de Henares, which I would complement, years later, with specialised training in the assessment and treatment of the fascial system. Shortly afterwards, in 2010, I completed an expert training in Pilates-based rehabilitation at the Complutense University of Madrid, which would gradually become decisive in my understanding of our profession and the needs of each of the patients who come to Tensegrity.<\/p>\t\t\t\t\t\t\t\t<\/div>\n\t\t\t\t<\/div>\n\t\t\t\t<\/div>\n\t\t\t\t<div class=\"elementor-element elementor-element-3e50146 elementor-align-left elementor-mobile-align-center elementor-widget elementor-widget-button\" data-id=\"3e50146\" data-element_type=\"widget\" data-e-type=\"widget\" data-widget_type=\"button.default\">\n\t\t\t\t<div class=\"elementor-widget-container\">\n\t\t\t\t\t\t\t\t\t<div class=\"elementor-button-wrapper\">\n\t\t\t\t\t<a class=\"elementor-button elementor-button-link elementor-size-sm elementor-animation-grow\" href=\"https:\/\/tensegrityfisioterapia.es\/en\/contact\/\">\n\t\t\t\t\t\t<span class=\"elementor-button-content-wrapper\">\n\t\t\t\t\t\t\t\t\t<span class=\"elementor-button-text\">Contact us now<\/span>\n\t\t\t\t\t<\/span>\n\t\t\t\t\t<\/a>\n\t\t\t\t<\/div>\n\t\t\t\t\t\t\t\t<\/div>\n\t\t\t\t<\/div>\n\t\t\t\t<\/div>\n\t\t<div class=\"elementor-element elementor-element-751d8c3 e-con-full e-flex elementor-invisible e-con e-child\" data-id=\"751d8c3\" data-element_type=\"container\" data-e-type=\"container\" data-settings=\"{&quot;background_background&quot;:&quot;classic&quot;,&quot;animation&quot;:&quot;fadeInRight&quot;}\">\n\t\t\t\t<\/div>\n\t\t\t\t\t<\/div>\n\t\t\t\t<\/div>\n\t\t<div class=\"elementor-element elementor-element-42e0e7c e-flex e-con-boxed e-con e-parent\" data-id=\"42e0e7c\" data-element_type=\"container\" data-e-type=\"container\" data-settings=\"{&quot;background_background&quot;:&quot;classic&quot;}\">\n\t\t\t\t\t<div class=\"e-con-inner\">\n\t\t<div class=\"elementor-element elementor-element-517e5bb e-con-full e-flex e-con e-child\" data-id=\"517e5bb\" data-element_type=\"container\" data-e-type=\"container\">\n\t\t<div class=\"elementor-element elementor-element-c16abfa e-con-full e-flex e-con e-child\" data-id=\"c16abfa\" data-element_type=\"container\" data-e-type=\"container\">\n\t\t<div class=\"elementor-element elementor-element-7bafc7d e-con-full e-flex elementor-invisible e-con e-child\" data-id=\"7bafc7d\" data-element_type=\"container\" data-e-type=\"container\" data-settings=\"{&quot;animation&quot;:&quot;fadeInLeft&quot;}\">\n\t\t\t\t<div class=\"elementor-element elementor-element-62d8bfb elementor-widget-mobile__width-inherit elementor-invisible elementor-widget elementor-widget-heading\" data-id=\"62d8bfb\" data-element_type=\"widget\" data-e-type=\"widget\" data-settings=\"{&quot;_animation&quot;:&quot;fadeInLeft&quot;}\" data-widget_type=\"heading.default\">\n\t\t\t\t<div class=\"elementor-widget-container\">\n\t\t\t\t\t<h2 class=\"elementor-heading-title elementor-size-default\">In\u00e9s Rodr\u00edguez<\/h2>\t\t\t\t<\/div>\n\t\t\t\t<\/div>\n\t\t\t\t<div class=\"elementor-element elementor-element-abfe236 elementor-widget__width-initial elementor-invisible elementor-widget elementor-widget-text-editor\" data-id=\"abfe236\" data-element_type=\"widget\" data-e-type=\"widget\" data-settings=\"{&quot;_animation&quot;:&quot;fadeInLeft&quot;}\" data-widget_type=\"text-editor.default\">\n\t\t\t\t<div class=\"elementor-widget-container\">\n\t\t\t\t\t\t\t\t\t<p>At present, thanks to my training in the Pilates method, both on a machine and on the floor, I can offer our patients specialised and complete care, not only from the perspective of manual therapy but also from the field of functional rehabilitation and recovery. Especially in those patients who suffer from different spinal pathologies and with whom, by working on their strength, elasticity and body control, we are able to restore and optimise their physical condition and quality of life.<\/p>\t\t\t\t\t\t\t\t<\/div>\n\t\t\t\t<\/div>\n\t\t\t\t<\/div>\n\t\t<div class=\"elementor-element elementor-element-d3a1aa3 e-con-full e-flex elementor-invisible e-con e-child\" data-id=\"d3a1aa3\" data-element_type=\"container\" data-e-type=\"container\" data-settings=\"{&quot;animation&quot;:&quot;fadeInRight&quot;}\">\n\t\t<div class=\"elementor-element elementor-element-e73b573 e-con-full e-flex e-con e-child\" data-id=\"e73b573\" data-element_type=\"container\" data-e-type=\"container\">\n\t\t<div class=\"elementor-element elementor-element-01abe26 e-con-full e-flex e-con e-child\" data-id=\"01abe26\" data-element_type=\"container\" data-e-type=\"container\">\n\t\t\t\t<div class=\"elementor-element elementor-element-ea5f5a1 elementor-widget elementor-widget-heading\" data-id=\"ea5f5a1\" data-element_type=\"widget\" data-e-type=\"widget\" data-widget_type=\"heading.default\">\n\t\t\t\t<div class=\"elementor-widget-container\">\n\t\t\t\t\t<h3 class=\"elementor-heading-title elementor-size-default\">- Physiotherapist from the Francisco de Vitoria University.<\/h3>\t\t\t\t<\/div>\n\t\t\t\t<\/div>\n\t\t\t\t<div class=\"elementor-element elementor-element-7a7e132 elementor-widget elementor-widget-heading\" data-id=\"7a7e132\" data-element_type=\"widget\" data-e-type=\"widget\" data-widget_type=\"heading.default\">\n\t\t\t\t<div class=\"elementor-widget-container\">\n\t\t\t\t\t<h3 class=\"elementor-heading-title elementor-size-default\">- CO Osteopath by the University of Alcal\u00e1 de Henares<\/h3>\t\t\t\t<\/div>\n\t\t\t\t<\/div>\n\t\t\t\t<div class=\"elementor-element elementor-element-e07b8ce elementor-widget elementor-widget-heading\" data-id=\"e07b8ce\" data-element_type=\"widget\" data-e-type=\"widget\" data-widget_type=\"heading.default\">\n\t\t\t\t<div class=\"elementor-widget-container\">\n\t\t\t\t\t<h3 class=\"elementor-heading-title elementor-size-default\">- Expert in Pilates Method\n<\/h3>\t\t\t\t<\/div>\n\t\t\t\t<\/div>\n\t\t\t\t<div class=\"elementor-element elementor-element-a05e8e7 elementor-widget elementor-widget-heading\" data-id=\"a05e8e7\" data-element_type=\"widget\" data-e-type=\"widget\" data-widget_type=\"heading.default\">\n\t\t\t\t<div class=\"elementor-widget-container\">\n\t\t\t\t\t<h3 class=\"elementor-heading-title elementor-size-default\">- Member no. 7145 Madrid Professional Association of Physiotherapists<\/h3>\t\t\t\t<\/div>\n\t\t\t\t<\/div>\n\t\t\t\t<div class=\"elementor-element elementor-element-8c66899 elementor-align-left elementor-mobile-align-center elementor-widget elementor-widget-button\" data-id=\"8c66899\" data-element_type=\"widget\" data-e-type=\"widget\" data-widget_type=\"button.default\">\n\t\t\t\t<div class=\"elementor-widget-container\">\n\t\t\t\t\t\t\t\t\t<div class=\"elementor-button-wrapper\">\n\t\t\t\t\t<a class=\"elementor-button elementor-button-link elementor-size-sm elementor-animation-grow\" href=\"https:\/\/tensegrityfisioterapia.es\/en\/contact\/\">\n\t\t\t\t\t\t<span class=\"elementor-button-content-wrapper\">\n\t\t\t\t\t\t\t\t\t<span class=\"elementor-button-text\">Contact us now<\/span>\n\t\t\t\t\t<\/span>\n\t\t\t\t\t<\/a>\n\t\t\t\t<\/div>\n\t\t\t\t\t\t\t\t<\/div>\n\t\t\t\t<\/div>\n\t\t\t\t<\/div>\n\t\t\t\t<div class=\"elementor-element elementor-element-e5c5439 elementor-widget elementor-widget-image\" data-id=\"e5c5439\" data-element_type=\"widget\" data-e-type=\"widget\" data-widget_type=\"image.default\">\n\t\t\t\t<div class=\"elementor-widget-container\">\n\t\t\t\t\t\t\t\t\t\t\t\t\t\t\t<img fetchpriority=\"high\" decoding=\"async\" width=\"724\" height=\"1024\" src=\"https:\/\/tensegrityfisioterapia.es\/wp-content\/uploads\/2024\/10\/Logo-Tensegrity-Fisio-724x1024.png\" class=\"attachment-large size-large wp-image-1762\" alt=\"\" srcset=\"https:\/\/tensegrityfisioterapia.es\/wp-content\/uploads\/2024\/10\/Logo-Tensegrity-Fisio-724x1024.png 724w, https:\/\/tensegrityfisioterapia.es\/wp-content\/uploads\/2024\/10\/Logo-Tensegrity-Fisio-212x300.png 212w, https:\/\/tensegrityfisioterapia.es\/wp-content\/uploads\/2024\/10\/Logo-Tensegrity-Fisio-768x1086.png 768w, https:\/\/tensegrityfisioterapia.es\/wp-content\/uploads\/2024\/10\/Logo-Tensegrity-Fisio-1086x1536.png 1086w, https:\/\/tensegrityfisioterapia.es\/wp-content\/uploads\/2024\/10\/Logo-Tensegrity-Fisio-8x12.png 8w, https:\/\/tensegrityfisioterapia.es\/wp-content\/uploads\/2024\/10\/Logo-Tensegrity-Fisio.png 1414w\" sizes=\"(max-width: 724px) 100vw, 724px\" \/>\t\t\t\t\t\t\t\t\t\t\t\t\t\t\t<\/div>\n\t\t\t\t<\/div>\n\t\t\t\t<\/div>\n\t\t\t\t<\/div>\n\t\t\t\t<\/div>\n\t\t\t\t<\/div>\n\t\t\t\t\t<\/div>\n\t\t\t\t<\/div>\n\t\t\t\t<\/div>","protected":false},"excerpt":{"rendered":"<p>Nuestro Equipo FISIOTERAPIA \u2022 OSTEOPAT\u00cdA \u2022 PILATES In\u00e9s Rodr\u00edguez-Vi\u00f1as Me gradu\u00e9 en Fisioterapia por la Universidad Francisco de Vitoria, en el a\u00f1o 2008. Ese mismo a\u00f1o curs\u00e9 los estudios del curso de Experto en Terapia Manual en la misma universidad. Con la intenci\u00f3n de darle a mi profesi\u00f3n un enfoque m\u00e1s amplio me traslad\u00e9 a [&hellip;]<\/p>\n","protected":false},"author":1,"featured_media":0,"parent":0,"menu_order":0,"comment_status":"closed","ping_status":"closed","template":"","meta":{"site-sidebar-layout":"no-sidebar","site-content-layout":"page-builder","ast-site-content-layout":"full-width-container","site-content-style":"default","site-sidebar-style":"default","ast-global-header-display":"","ast-banner-title-visibility":"","ast-main-header-display":"","ast-hfb-above-header-display":"","ast-hfb-below-header-display":"","ast-hfb-mobile-header-display":"","site-post-title":"disabled","ast-breadcrumbs-content":"","ast-featured-img":"disabled","footer-sml-layout":"","ast-disable-related-posts":"","theme-transparent-header-meta":"","adv-header-id-meta":"","stick-header-meta":"","header-above-stick-meta":"","header-main-stick-meta":"","header-below-stick-meta":"","astra-migrate-meta-layouts":"default","ast-page-background-enabled":"default","ast-page-background-meta":{"desktop":{"background-color":"","background-image":"","background-repeat":"repeat","background-position":"center center","background-size":"auto","background-attachment":"scroll","background-type":"","background-media":"","overlay-type":"","overlay-color":"","overlay-opacity":"","overlay-gradient":""},"tablet":{"background-color":"","background-image":"","background-repeat":"repeat","background-position":"center center","background-size":"auto","background-attachment":"scroll","background-type":"","background-media":"","overlay-type":"","overlay-color":"","overlay-opacity":"","overlay-gradient":""},"mobile":{"background-color":"","background-image":"","background-repeat":"repeat","background-position":"center center","background-size":"auto","background-attachment":"scroll","background-type":"","background-media":"","overlay-type":"","overlay-color":"","overlay-opacity":"","overlay-gradient":""}},"ast-content-background-meta":{"desktop":{"background-color":"var(--ast-global-color-5)","background-image":"","background-repeat":"repeat","background-position":"center center","background-size":"auto","background-attachment":"scroll","background-type":"","background-media":"","overlay-type":"","overlay-color":"","overlay-opacity":"","overlay-gradient":""},"tablet":{"background-color":"var(--ast-global-color-5)","background-image":"","background-repeat":"repeat","background-position":"center center","background-size":"auto","background-attachment":"scroll","background-type":"","background-media":"","overlay-type":"","overlay-color":"","overlay-opacity":"","overlay-gradient":""},"mobile":{"background-color":"var(--ast-global-color-5)","background-image":"","background-repeat":"repeat","background-position":"center center","background-size":"auto","background-attachment":"scroll","background-type":"","background-media":"","overlay-type":"","overlay-color":"","overlay-opacity":"","overlay-gradient":""}},"footnotes":""},"class_list":["post-1810","page","type-page","status-publish","hentry"],"_links":{"self":[{"href":"https:\/\/tensegrityfisioterapia.es\/en\/wp-json\/wp\/v2\/pages\/1810","targetHints":{"allow":["GET"]}}],"collection":[{"href":"https:\/\/tensegrityfisioterapia.es\/en\/wp-json\/wp\/v2\/pages"}],"about":[{"href":"https:\/\/tensegrityfisioterapia.es\/en\/wp-json\/wp\/v2\/types\/page"}],"author":[{"embeddable":true,"href":"https:\/\/tensegrityfisioterapia.es\/en\/wp-json\/wp\/v2\/users\/1"}],"replies":[{"embeddable":true,"href":"https:\/\/tensegrityfisioterapia.es\/en\/wp-json\/wp\/v2\/comments?post=1810"}],"version-history":[{"count":6,"href":"https:\/\/tensegrityfisioterapia.es\/en\/wp-json\/wp\/v2\/pages\/1810\/revisions"}],"predecessor-version":[{"id":1825,"href":"https:\/\/tensegrityfisioterapia.es\/en\/wp-json\/wp\/v2\/pages\/1810\/revisions\/1825"}],"wp:attachment":[{"href":"https:\/\/tensegrityfisioterapia.es\/en\/wp-json\/wp\/v2\/media?parent=1810"}],"curies":[{"name":"wp","href":"https:\/\/api.w.org\/{rel}","templated":true}]}}