{"id":1791,"date":"2024-10-11T08:35:51","date_gmt":"2024-10-11T06:35:51","guid":{"rendered":"https:\/\/tensegrityfisioterapia.es\/?page_id=1791"},"modified":"2024-10-11T09:23:36","modified_gmt":"2024-10-11T07:23:36","slug":"roberto-galan","status":"publish","type":"page","link":"https:\/\/tensegrityfisioterapia.es\/en\/roberto-galan\/","title":{"rendered":"Roberto Gal\u00e1n"},"content":{"rendered":"<div data-elementor-type=\"wp-page\" data-elementor-id=\"1791\" class=\"elementor elementor-1791\" data-elementor-post-type=\"page\">\n\t\t\t\t<div class=\"elementor-element elementor-element-5c3a9ae e-flex e-con-boxed e-con e-parent\" data-id=\"5c3a9ae\" data-element_type=\"container\" data-e-type=\"container\" data-settings=\"{&quot;background_background&quot;:&quot;classic&quot;}\">\n\t\t\t\t\t<div class=\"e-con-inner\">\n\t\t<div class=\"elementor-element elementor-element-a3a5fd1 e-con-full e-flex e-con e-child\" data-id=\"a3a5fd1\" data-element_type=\"container\" data-e-type=\"container\">\n\t\t\t\t<div class=\"elementor-element elementor-element-ac3b60a elementor-widget elementor-widget-heading\" data-id=\"ac3b60a\" data-element_type=\"widget\" data-e-type=\"widget\" data-widget_type=\"heading.default\">\n\t\t\t\t<div class=\"elementor-widget-container\">\n\t\t\t\t\t<h1 class=\"elementor-heading-title elementor-size-default\">Our Team<\/h1>\t\t\t\t<\/div>\n\t\t\t\t<\/div>\n\t\t\t\t<\/div>\n\t\t\t\t\t<\/div>\n\t\t\t\t<\/div>\n\t\t<div class=\"elementor-element elementor-element-b834d09 e-flex e-con-boxed e-con e-parent\" data-id=\"b834d09\" data-element_type=\"container\" data-e-type=\"container\" data-settings=\"{&quot;background_background&quot;:&quot;gradient&quot;}\">\n\t\t\t\t\t<div class=\"e-con-inner\">\n\t\t<div class=\"elementor-element elementor-element-c97fa65 e-con-full e-flex elementor-invisible e-con e-child\" data-id=\"c97fa65\" data-element_type=\"container\" data-e-type=\"container\" data-settings=\"{&quot;background_background&quot;:&quot;classic&quot;,&quot;animation&quot;:&quot;fadeInDown&quot;}\">\n\t\t\t\t<div class=\"elementor-element elementor-element-f121a10 elementor-widget elementor-widget-heading\" data-id=\"f121a10\" data-element_type=\"widget\" data-e-type=\"widget\" data-widget_type=\"heading.default\">\n\t\t\t\t<div class=\"elementor-widget-container\">\n\t\t\t\t\t<h3 class=\"elementor-heading-title elementor-size-default\">PHYSIOTHERAPY - OSTEOPATHY - MANUAL THERAPY<\/h3>\t\t\t\t<\/div>\n\t\t\t\t<\/div>\n\t\t\t\t<div class=\"elementor-element elementor-element-2e35802 elementor-widget elementor-widget-heading\" data-id=\"2e35802\" data-element_type=\"widget\" data-e-type=\"widget\" data-widget_type=\"heading.default\">\n\t\t\t\t<div class=\"elementor-widget-container\">\n\t\t\t\t\t<h2 class=\"elementor-heading-title elementor-size-default\">Roberto Gal\u00e1n<\/h2>\t\t\t\t<\/div>\n\t\t\t\t<\/div>\n\t\t<div class=\"elementor-element elementor-element-26fbe1f e-con-full e-flex e-con e-child\" data-id=\"26fbe1f\" data-element_type=\"container\" data-e-type=\"container\">\n\t\t\t\t<div class=\"elementor-element elementor-element-e6bc41d elementor-widget elementor-widget-text-editor\" data-id=\"e6bc41d\" data-element_type=\"widget\" data-e-type=\"widget\" data-widget_type=\"text-editor.default\">\n\t\t\t\t<div class=\"elementor-widget-container\">\n\t\t\t\t\t\t\t\t\t<p>After studying physiotherapy at the Pontifical University of Salamanca I started my professional career in 2005 in the field of high competition sport. For 10 years I was responsible for the physiotherapy service of the Spanish Weightlifting Federation (High Performance Centre of Madrid) participating in 3 Olympic Games as a member of the Medical Services of this Federation (Beijing 2008 - London 2012 - Rio 2016). In addition, during these years I have collaborated on several occasions with the Royal Spanish Athletics Federation as well as with the Spanish Judo and Associated Sports Federation.<\/p><p>The demands of high-performance sportsmen and women made me aware of the need to improve my professional training. To this end, I have taken different expert courses that have allowed me to specialise in the field of manual physiotherapy and osteopathy, with the Expert Course in Assessment and Treatment of the Fascial System at the European University of Madrid standing out.<\/p>\t\t\t\t\t\t\t\t<\/div>\n\t\t\t\t<\/div>\n\t\t\t\t<\/div>\n\t\t\t\t<div class=\"elementor-element elementor-element-f03bce6 elementor-align-left elementor-mobile-align-center elementor-widget elementor-widget-button\" data-id=\"f03bce6\" data-element_type=\"widget\" data-e-type=\"widget\" data-widget_type=\"button.default\">\n\t\t\t\t<div class=\"elementor-widget-container\">\n\t\t\t\t\t\t\t\t\t<div class=\"elementor-button-wrapper\">\n\t\t\t\t\t<a class=\"elementor-button elementor-button-link elementor-size-sm elementor-animation-grow\" href=\"https:\/\/tensegrityfisioterapia.es\/en\/contact\/\">\n\t\t\t\t\t\t<span class=\"elementor-button-content-wrapper\">\n\t\t\t\t\t\t\t\t\t<span class=\"elementor-button-text\">Contact us now<\/span>\n\t\t\t\t\t<\/span>\n\t\t\t\t\t<\/a>\n\t\t\t\t<\/div>\n\t\t\t\t\t\t\t\t<\/div>\n\t\t\t\t<\/div>\n\t\t\t\t<\/div>\n\t\t<div class=\"elementor-element elementor-element-f70ea7c e-con-full e-flex elementor-invisible e-con e-child\" data-id=\"f70ea7c\" data-element_type=\"container\" data-e-type=\"container\" data-settings=\"{&quot;background_background&quot;:&quot;classic&quot;,&quot;animation&quot;:&quot;fadeInRight&quot;}\">\n\t\t\t\t<\/div>\n\t\t\t\t\t<\/div>\n\t\t\t\t<\/div>\n\t\t<div class=\"elementor-element elementor-element-41e4e7e e-flex e-con-boxed e-con e-parent\" data-id=\"41e4e7e\" data-element_type=\"container\" data-e-type=\"container\" data-settings=\"{&quot;background_background&quot;:&quot;classic&quot;}\">\n\t\t\t\t\t<div class=\"e-con-inner\">\n\t\t<div class=\"elementor-element elementor-element-62d136c e-con-full e-flex e-con e-child\" data-id=\"62d136c\" data-element_type=\"container\" data-e-type=\"container\">\n\t\t<div class=\"elementor-element elementor-element-1ea2c67 e-con-full e-flex e-con e-child\" data-id=\"1ea2c67\" data-element_type=\"container\" data-e-type=\"container\">\n\t\t<div class=\"elementor-element elementor-element-f182f31 e-con-full e-flex elementor-invisible e-con e-child\" data-id=\"f182f31\" data-element_type=\"container\" data-e-type=\"container\" data-settings=\"{&quot;animation&quot;:&quot;fadeInLeft&quot;}\">\n\t\t\t\t<div class=\"elementor-element elementor-element-8c0894c elementor-widget-mobile__width-inherit elementor-invisible elementor-widget elementor-widget-heading\" data-id=\"8c0894c\" data-element_type=\"widget\" data-e-type=\"widget\" data-settings=\"{&quot;_animation&quot;:&quot;fadeInLeft&quot;}\" data-widget_type=\"heading.default\">\n\t\t\t\t<div class=\"elementor-widget-container\">\n\t\t\t\t\t<h2 class=\"elementor-heading-title elementor-size-default\">Roberto Gal\u00e1n<\/h2>\t\t\t\t<\/div>\n\t\t\t\t<\/div>\n\t\t\t\t<div class=\"elementor-element elementor-element-16e56ed elementor-widget__width-initial elementor-invisible elementor-widget elementor-widget-text-editor\" data-id=\"16e56ed\" data-element_type=\"widget\" data-e-type=\"widget\" data-settings=\"{&quot;_animation&quot;:&quot;fadeInLeft&quot;}\" data-widget_type=\"text-editor.default\">\n\t\t\t\t<div class=\"elementor-widget-container\">\n\t\t\t\t\t\t\t\t\t<p>For years Tensegrity has been offering a specialised physiotherapy service to different football clubs and players both nationally and internationally. For this reason I moved to London during the 2015-2016 season to work as a physiotherapist for Chelsea FC's first team. At the moment I combine my clinical activity in the centres in Boadilla and Madrid with the provision of individualised attention to different professional football players who participate in the German football league.<\/p>\t\t\t\t\t\t\t\t<\/div>\n\t\t\t\t<\/div>\n\t\t\t\t<\/div>\n\t\t<div class=\"elementor-element elementor-element-481c63a e-con-full e-flex elementor-invisible e-con e-child\" data-id=\"481c63a\" data-element_type=\"container\" data-e-type=\"container\" data-settings=\"{&quot;animation&quot;:&quot;fadeInRight&quot;}\">\n\t\t<div class=\"elementor-element elementor-element-4aae0a2 e-con-full e-flex e-con e-child\" data-id=\"4aae0a2\" data-element_type=\"container\" data-e-type=\"container\">\n\t\t<div class=\"elementor-element elementor-element-609724c e-con-full e-flex e-con e-child\" data-id=\"609724c\" data-element_type=\"container\" data-e-type=\"container\">\n\t\t\t\t<div class=\"elementor-element elementor-element-8203c15 elementor-widget elementor-widget-heading\" data-id=\"8203c15\" data-element_type=\"widget\" data-e-type=\"widget\" data-widget_type=\"heading.default\">\n\t\t\t\t<div class=\"elementor-widget-container\">\n\t\t\t\t\t<h3 class=\"elementor-heading-title elementor-size-default\">- Physiotherapist from the Pontifical University of Salamanca<\/h3>\t\t\t\t<\/div>\n\t\t\t\t<\/div>\n\t\t\t\t<div class=\"elementor-element elementor-element-0b0da5d elementor-widget elementor-widget-heading\" data-id=\"0b0da5d\" data-element_type=\"widget\" data-e-type=\"widget\" data-widget_type=\"heading.default\">\n\t\t\t\t<div class=\"elementor-widget-container\">\n\t\t\t\t\t<h3 class=\"elementor-heading-title elementor-size-default\">- CO Osteopath by the University of Alcal\u00e1 de Henares<\/h3>\t\t\t\t<\/div>\n\t\t\t\t<\/div>\n\t\t\t\t<div class=\"elementor-element elementor-element-cf1f9e8 elementor-widget elementor-widget-heading\" data-id=\"cf1f9e8\" data-element_type=\"widget\" data-e-type=\"widget\" data-widget_type=\"heading.default\">\n\t\t\t\t<div class=\"elementor-widget-container\">\n\t\t\t\t\t<h3 class=\"elementor-heading-title elementor-size-default\">- Expert in the Assessment and Treatment of the Fascial System\n\n<\/h3>\t\t\t\t<\/div>\n\t\t\t\t<\/div>\n\t\t\t\t<div class=\"elementor-element elementor-element-f2dc3c6 elementor-widget elementor-widget-heading\" data-id=\"f2dc3c6\" data-element_type=\"widget\" data-e-type=\"widget\" data-widget_type=\"heading.default\">\n\t\t\t\t<div class=\"elementor-widget-container\">\n\t\t\t\t\t<h3 class=\"elementor-heading-title elementor-size-default\">- Member no. 5167 Professional Association of Physiotherapists of Madrid<\/h3>\t\t\t\t<\/div>\n\t\t\t\t<\/div>\n\t\t\t\t<div class=\"elementor-element elementor-element-999d022 elementor-align-left elementor-mobile-align-center elementor-widget elementor-widget-button\" data-id=\"999d022\" data-element_type=\"widget\" data-e-type=\"widget\" data-widget_type=\"button.default\">\n\t\t\t\t<div class=\"elementor-widget-container\">\n\t\t\t\t\t\t\t\t\t<div class=\"elementor-button-wrapper\">\n\t\t\t\t\t<a class=\"elementor-button elementor-button-link elementor-size-sm elementor-animation-grow\" href=\"https:\/\/tensegrityfisioterapia.es\/en\/contact\/\">\n\t\t\t\t\t\t<span class=\"elementor-button-content-wrapper\">\n\t\t\t\t\t\t\t\t\t<span class=\"elementor-button-text\">Contact us now<\/span>\n\t\t\t\t\t<\/span>\n\t\t\t\t\t<\/a>\n\t\t\t\t<\/div>\n\t\t\t\t\t\t\t\t<\/div>\n\t\t\t\t<\/div>\n\t\t\t\t<\/div>\n\t\t\t\t<div class=\"elementor-element elementor-element-425a317 elementor-widget elementor-widget-image\" data-id=\"425a317\" data-element_type=\"widget\" data-e-type=\"widget\" data-widget_type=\"image.default\">\n\t\t\t\t<div class=\"elementor-widget-container\">\n\t\t\t\t\t\t\t\t\t\t\t\t\t\t\t<img fetchpriority=\"high\" decoding=\"async\" width=\"724\" height=\"1024\" src=\"https:\/\/tensegrityfisioterapia.es\/wp-content\/uploads\/2024\/10\/Logo-Tensegrity-Fisio-724x1024.png\" class=\"attachment-large size-large wp-image-1762\" alt=\"\" srcset=\"https:\/\/tensegrityfisioterapia.es\/wp-content\/uploads\/2024\/10\/Logo-Tensegrity-Fisio-724x1024.png 724w, https:\/\/tensegrityfisioterapia.es\/wp-content\/uploads\/2024\/10\/Logo-Tensegrity-Fisio-212x300.png 212w, https:\/\/tensegrityfisioterapia.es\/wp-content\/uploads\/2024\/10\/Logo-Tensegrity-Fisio-768x1086.png 768w, https:\/\/tensegrityfisioterapia.es\/wp-content\/uploads\/2024\/10\/Logo-Tensegrity-Fisio-1086x1536.png 1086w, https:\/\/tensegrityfisioterapia.es\/wp-content\/uploads\/2024\/10\/Logo-Tensegrity-Fisio-8x12.png 8w, https:\/\/tensegrityfisioterapia.es\/wp-content\/uploads\/2024\/10\/Logo-Tensegrity-Fisio.png 1414w\" sizes=\"(max-width: 724px) 100vw, 724px\" \/>\t\t\t\t\t\t\t\t\t\t\t\t\t\t\t<\/div>\n\t\t\t\t<\/div>\n\t\t\t\t<\/div>\n\t\t\t\t<\/div>\n\t\t\t\t<\/div>\n\t\t\t\t<\/div>\n\t\t\t\t\t<\/div>\n\t\t\t\t<\/div>\n\t\t\t\t<\/div>","protected":false},"excerpt":{"rendered":"<p>Nuestro Equipo FISIOTERAPIA \u2022 OSTEOPAT\u00cdA \u2022 TERAPIA MANUAL Roberto Gal\u00e1n Tras cursar los estudios de fisioterapia en la Universidad Pontificia de Salamanca comenc\u00e9 mi trayectoria profesional en el 2005 en el \u00e1mbito del deporte de alta competici\u00f3n. Durante 10 a\u00f1os fui responsable del servicio de fisioterapia de la Federaci\u00f3n Espa\u00f1ola de Halterofilia (Centro de Alto [&hellip;]<\/p>\n","protected":false},"author":1,"featured_media":0,"parent":0,"menu_order":0,"comment_status":"closed","ping_status":"closed","template":"","meta":{"site-sidebar-layout":"no-sidebar","site-content-layout":"page-builder","ast-site-content-layout":"full-width-container","site-content-style":"default","site-sidebar-style":"default","ast-global-header-display":"","ast-banner-title-visibility":"","ast-main-header-display":"","ast-hfb-above-header-display":"","ast-hfb-below-header-display":"","ast-hfb-mobile-header-display":"","site-post-title":"disabled","ast-breadcrumbs-content":"","ast-featured-img":"disabled","footer-sml-layout":"","ast-disable-related-posts":"","theme-transparent-header-meta":"","adv-header-id-meta":"","stick-header-meta":"","header-above-stick-meta":"","header-main-stick-meta":"","header-below-stick-meta":"","astra-migrate-meta-layouts":"default","ast-page-background-enabled":"default","ast-page-background-meta":{"desktop":{"background-color":"","background-image":"","background-repeat":"repeat","background-position":"center center","background-size":"auto","background-attachment":"scroll","background-type":"","background-media":"","overlay-type":"","overlay-color":"","overlay-opacity":"","overlay-gradient":""},"tablet":{"background-color":"","background-image":"","background-repeat":"repeat","background-position":"center center","background-size":"auto","background-attachment":"scroll","background-type":"","background-media":"","overlay-type":"","overlay-color":"","overlay-opacity":"","overlay-gradient":""},"mobile":{"background-color":"","background-image":"","background-repeat":"repeat","background-position":"center center","background-size":"auto","background-attachment":"scroll","background-type":"","background-media":"","overlay-type":"","overlay-color":"","overlay-opacity":"","overlay-gradient":""}},"ast-content-background-meta":{"desktop":{"background-color":"var(--ast-global-color-5)","background-image":"","background-repeat":"repeat","background-position":"center center","background-size":"auto","background-attachment":"scroll","background-type":"","background-media":"","overlay-type":"","overlay-color":"","overlay-opacity":"","overlay-gradient":""},"tablet":{"background-color":"var(--ast-global-color-5)","background-image":"","background-repeat":"repeat","background-position":"center center","background-size":"auto","background-attachment":"scroll","background-type":"","background-media":"","overlay-type":"","overlay-color":"","overlay-opacity":"","overlay-gradient":""},"mobile":{"background-color":"var(--ast-global-color-5)","background-image":"","background-repeat":"repeat","background-position":"center center","background-size":"auto","background-attachment":"scroll","background-type":"","background-media":"","overlay-type":"","overlay-color":"","overlay-opacity":"","overlay-gradient":""}},"footnotes":""},"class_list":["post-1791","page","type-page","status-publish","hentry"],"_links":{"self":[{"href":"https:\/\/tensegrityfisioterapia.es\/en\/wp-json\/wp\/v2\/pages\/1791","targetHints":{"allow":["GET"]}}],"collection":[{"href":"https:\/\/tensegrityfisioterapia.es\/en\/wp-json\/wp\/v2\/pages"}],"about":[{"href":"https:\/\/tensegrityfisioterapia.es\/en\/wp-json\/wp\/v2\/types\/page"}],"author":[{"embeddable":true,"href":"https:\/\/tensegrityfisioterapia.es\/en\/wp-json\/wp\/v2\/users\/1"}],"replies":[{"embeddable":true,"href":"https:\/\/tensegrityfisioterapia.es\/en\/wp-json\/wp\/v2\/comments?post=1791"}],"version-history":[{"count":9,"href":"https:\/\/tensegrityfisioterapia.es\/en\/wp-json\/wp\/v2\/pages\/1791\/revisions"}],"predecessor-version":[{"id":1847,"href":"https:\/\/tensegrityfisioterapia.es\/en\/wp-json\/wp\/v2\/pages\/1791\/revisions\/1847"}],"wp:attachment":[{"href":"https:\/\/tensegrityfisioterapia.es\/en\/wp-json\/wp\/v2\/media?parent=1791"}],"curies":[{"name":"wp","href":"https:\/\/api.w.org\/{rel}","templated":true}]}}